{"id":5669,"date":"2021-03-23T17:18:23","date_gmt":"2021-03-23T17:18:23","guid":{"rendered":"http:\/\/esztergomtours.hu\/?page_id=5669"},"modified":"2026-02-20T20:23:16","modified_gmt":"2026-02-20T19:23:16","slug":"kontakt","status":"publish","type":"page","link":"https:\/\/esztergomtours.hu\/?page_id=5669","title":{"rendered":"Kontakt"},"content":{"rendered":"","protected":false},"excerpt":{"rendered":"","protected":false},"author":1,"featured_media":0,"parent":0,"menu_order":0,"comment_status":"closed","ping_status":"open","template":"","meta":{"footnotes":""},"class_list":["post-5669","page","type-page","status-publish","hentry"],"yoast_head":"<!-- This site is optimized with the Yoast SEO plugin v27.0 - https:\/\/yoast.com\/product\/yoast-seo-wordpress\/ -->\n<title>Kontakt - Cathedralis Tours<\/title>\n<meta name=\"robots\" content=\"index, follow, max-snippet:-1, max-image-preview:large, max-video-preview:-1\" \/>\n<link rel=\"canonical\" href=\"https:\/\/esztergomtours.hu\/?page_id=5669\" \/>\n<meta property=\"og:locale\" content=\"hu_HU\" \/>\n<meta property=\"og:type\" content=\"article\" \/>\n<meta property=\"og:title\" content=\"Kontakt - Cathedralis Tours\" \/>\n<meta property=\"og:url\" content=\"https:\/\/esztergomtours.hu\/?page_id=5669\" \/>\n<meta property=\"og:site_name\" content=\"Cathedralis Tours\" \/>\n<meta property=\"article:modified_time\" content=\"2026-02-20T19:23:16+00:00\" \/>\n<meta name=\"twitter:card\" content=\"summary_large_image\" \/>\n<script type=\"application\/ld+json\" class=\"yoast-schema-graph\">{\"@context\":\"https:\/\/schema.org\",\"@graph\":[{\"@type\":\"WebPage\",\"@id\":\"https:\/\/esztergomtours.hu\/?page_id=5669\",\"url\":\"https:\/\/esztergomtours.hu\/?page_id=5669\",\"name\":\"Kontakt - Cathedralis Tours\",\"isPartOf\":{\"@id\":\"https:\/\/esztergomtours.hu\/#website\"},\"datePublished\":\"2021-03-23T17:18:23+00:00\",\"dateModified\":\"2026-02-20T19:23:16+00:00\",\"breadcrumb\":{\"@id\":\"https:\/\/esztergomtours.hu\/?page_id=5669#breadcrumb\"},\"inLanguage\":\"hu\",\"potentialAction\":[{\"@type\":\"ReadAction\",\"target\":[\"https:\/\/esztergomtours.hu\/?page_id=5669\"]}]},{\"@type\":\"BreadcrumbList\",\"@id\":\"https:\/\/esztergomtours.hu\/?page_id=5669#breadcrumb\",\"itemListElement\":[{\"@type\":\"ListItem\",\"position\":1,\"name\":\"Kezd\u0151lap\",\"item\":\"https:\/\/esztergomtours.hu\/\"},{\"@type\":\"ListItem\",\"position\":2,\"name\":\"Kontakt\"}]},{\"@type\":\"WebSite\",\"@id\":\"https:\/\/esztergomtours.hu\/#website\",\"url\":\"https:\/\/esztergomtours.hu\/\",\"name\":\"Cathedralis Tours\",\"description\":\"\u00dcdv\u00f6z\u00f6lj\u00fck a Cathedralis Tours Utaz\u00e1si \u00e9s Kultur\u00e1lis Rendezv\u00e9nyszervez\u0151 Iroda honlapj\u00e1n!\",\"potentialAction\":[{\"@type\":\"SearchAction\",\"target\":{\"@type\":\"EntryPoint\",\"urlTemplate\":\"https:\/\/esztergomtours.hu\/?s={search_term_string}\"},\"query-input\":{\"@type\":\"PropertyValueSpecification\",\"valueRequired\":true,\"valueName\":\"search_term_string\"}}],\"inLanguage\":\"hu\"}]}<\/script>\n<!-- \/ Yoast SEO plugin. -->","yoast_head_json":{"title":"Kontakt - Cathedralis Tours","robots":{"index":"index","follow":"follow","max-snippet":"max-snippet:-1","max-image-preview":"max-image-preview:large","max-video-preview":"max-video-preview:-1"},"canonical":"https:\/\/esztergomtours.hu\/?page_id=5669","og_locale":"hu_HU","og_type":"article","og_title":"Kontakt - Cathedralis Tours","og_url":"https:\/\/esztergomtours.hu\/?page_id=5669","og_site_name":"Cathedralis Tours","article_modified_time":"2026-02-20T19:23:16+00:00","twitter_card":"summary_large_image","schema":{"@context":"https:\/\/schema.org","@graph":[{"@type":"WebPage","@id":"https:\/\/esztergomtours.hu\/?page_id=5669","url":"https:\/\/esztergomtours.hu\/?page_id=5669","name":"Kontakt - Cathedralis Tours","isPartOf":{"@id":"https:\/\/esztergomtours.hu\/#website"},"datePublished":"2021-03-23T17:18:23+00:00","dateModified":"2026-02-20T19:23:16+00:00","breadcrumb":{"@id":"https:\/\/esztergomtours.hu\/?page_id=5669#breadcrumb"},"inLanguage":"hu","potentialAction":[{"@type":"ReadAction","target":["https:\/\/esztergomtours.hu\/?page_id=5669"]}]},{"@type":"BreadcrumbList","@id":"https:\/\/esztergomtours.hu\/?page_id=5669#breadcrumb","itemListElement":[{"@type":"ListItem","position":1,"name":"Kezd\u0151lap","item":"https:\/\/esztergomtours.hu\/"},{"@type":"ListItem","position":2,"name":"Kontakt"}]},{"@type":"WebSite","@id":"https:\/\/esztergomtours.hu\/#website","url":"https:\/\/esztergomtours.hu\/","name":"Cathedralis Tours","description":"\u00dcdv\u00f6z\u00f6lj\u00fck a Cathedralis Tours Utaz\u00e1si \u00e9s Kultur\u00e1lis Rendezv\u00e9nyszervez\u0151 Iroda honlapj\u00e1n!","potentialAction":[{"@type":"SearchAction","target":{"@type":"EntryPoint","urlTemplate":"https:\/\/esztergomtours.hu\/?s={search_term_string}"},"query-input":{"@type":"PropertyValueSpecification","valueRequired":true,"valueName":"search_term_string"}}],"inLanguage":"hu"}]}},"_links":{"self":[{"href":"https:\/\/esztergomtours.hu\/index.php?rest_route=\/wp\/v2\/pages\/5669","targetHints":{"allow":["GET"]}}],"collection":[{"href":"https:\/\/esztergomtours.hu\/index.php?rest_route=\/wp\/v2\/pages"}],"about":[{"href":"https:\/\/esztergomtours.hu\/index.php?rest_route=\/wp\/v2\/types\/page"}],"author":[{"embeddable":true,"href":"https:\/\/esztergomtours.hu\/index.php?rest_route=\/wp\/v2\/users\/1"}],"replies":[{"embeddable":true,"href":"https:\/\/esztergomtours.hu\/index.php?rest_route=%2Fwp%2Fv2%2Fcomments&post=5669"}],"version-history":[{"count":2,"href":"https:\/\/esztergomtours.hu\/index.php?rest_route=\/wp\/v2\/pages\/5669\/revisions"}],"predecessor-version":[{"id":5671,"href":"https:\/\/esztergomtours.hu\/index.php?rest_route=\/wp\/v2\/pages\/5669\/revisions\/5671"}],"wp:attachment":[{"href":"https:\/\/esztergomtours.hu\/index.php?rest_route=%2Fwp%2Fv2%2Fmedia&parent=5669"}],"curies":[{"name":"wp","href":"https:\/\/api.w.org\/{rel}","templated":true}]}}